{"id":6103,"date":"2026-04-08T14:29:44","date_gmt":"2026-04-08T14:29:44","guid":{"rendered":"https:\/\/bohosoleil.com\/shop\/bahia-toiletry-bags\/"},"modified":"2026-04-08T14:29:44","modified_gmt":"2026-04-08T14:29:44","slug":"bahia-toiletry-bags","status":"publish","type":"product","link":"https:\/\/bohosoleil.com\/en\/shop\/bahia-toiletry-bags\/","title":{"rendered":"Bahia toiletry bags"},"content":{"rendered":"<h2 class=\"p1\">\u2728 An elegant trio, designed as a set<\/h2>\n<p class=\"p2\">Les trousses de toilettes<b> Bahia, matelass\u00e9es en coton,<\/b> ont \u00e9t\u00e9 imagin\u00e9es pour accompagner chaque moment de votre quotidien et de vos voyages.<br \/>\nConfectionn\u00e9es <b>\u00e0 la main<\/b> \u00e0 partir de <b>tissu block print indien<\/b>, les trois trousses partagent un <b>m\u00eame univers graphique<\/b>, d\u00e9clin\u00e9 harmonieusement sur chaque pi\u00e8ce.<\/p>\n<p class=\"p2\">Each set features an exclusive design, hand-printed using a traditional Indian technique, making every set unique.<\/p>\n<h2 class=\"p1\">\ud83e\uddf5 The art of Indian block printing<\/h2>\n<p class=\"p2\">Block printing is an ancient printing technique that involves applying patterns by hand using carved wooden blocks.<br \/>\nThis traditional craft gives the fabric unrivalled depth and authenticity, with subtle variations that are the very essence of handmade charm.<\/p>\n<p class=\"p2\">Quilted cotton provides structure, softness and protection, whilst enhancing the sense of quality and durability.<\/p>\n<h2 class=\"p1\">\ud83d\udcd0 Three complementary sizes, intuitive to use<\/h2>\n<p class=\"p2\">Each style includes three pouches in different sizes, designed to help you organise your things effortlessly and fit just as easily in the bathroom as in your suitcase:<\/p>\n<ul class=\"ul1\">\n<li class=\"li2\">Large : ideal for toiletries, skincare products or travel accessories<\/li>\n<li class=\"li2\">Medium: perfect for make-up or everyday essentials<\/li>\n<li class=\"li2\">Small: for jewellery, small items or essentials to keep close at hand<\/li>\n<\/ul>\n<h2 class=\"p1\"><b>\ud83d\udccb Features<\/b><\/h2>\n<ul class=\"ul1\">\n<li class=\"li2\">Material: 100% cotton on the outside and 100% nylon on the inside to make the pencil case waterproof<\/li>\n<li class=\"li2\"><strong>Technique<\/strong>: artisanal block print<\/li>\n<li class=\"li2\"><strong>Finish<\/strong>: quilted<\/li>\n<li class=\"li2\"><strong>Handmade in India<\/strong><\/li>\n<li class=\"li2\"><strong>Fastening<\/strong>: zip<\/li>\n<li class=\"li2\"> <strong>3 sizes to choose from:<\/strong><br \/>\n&#8211; small: 19 x 9 x 12 cm<br \/>\n&#8211; medium: 20 x 13 x 13 cm<br \/>\n&#8211; large: 26 x 16 x 14 cm<\/li>\n<li class=\"li2\"><strong>Design<\/strong>: unique to each product<\/li>\n<\/ul>\n<p class=\"p2\"><i>As the prints are made by hand, each trio features subtle variations \u2014 a hallmark of craftsmanship.<\/i><i><\/i><\/p>\n<h2 class=\"p1\">\ud83c\udf81 A set to give as a gift or treat yourself to<\/h2>\n<p class=\"p2\">This set of three pouches is:<\/p>\n<ul class=\"ul1\">\n<li class=\"li2\">a sophisticated gift idea<b><\/b><\/li>\n<li class=\"li2\">a high-end travel accessory<b><\/b><\/li>\n<li class=\"li2\">an everyday essential for anyone who appreciates beautiful and practical objects<b><\/b><\/li>\n<\/ul>\n<h2 class=\"p1\">\ud83c\udf3f Responsible production<\/h2>\n<p class=\"p2\">By choosing this Bohosoleil, you are supporting:<\/p>\n<ul class=\"ul1\">\n<li class=\"li2\">handcrafted work<\/li>\n<li class=\"li2\">traditional skills<\/li>\n<li class=\"li2\">small-batch production, far from industrial standards<\/li>\n<\/ul>\n<p class=\"p1\">This artisanal craftsmanship gives the fabric an unrivalled depth and authenticity. The subtle variations in the print are a testament to the hand-crafted nature of the work and make each piece unique. <\/p>\n<h2 class=\"p1\"><b>Fancy a stylish matching set?<\/b><\/h2>\n<p class=\"p2\">Discover our matching <a href=\"https:\/\/bohosoleil.com\/en\/product-cat\/accessories\/tote-bags\/\">tote bags,<\/a> <a href=\"https:\/\/bohosoleil.com\/en\/product-cat\/clothing\/kaftans\/\">kaftans<\/a>, <a href=\"https:\/\/bohosoleil.com\/en\/product-cat\/clothing\/bathrobes\/\">bathrobes<\/a> and <a href=\"https:\/\/bohosoleil.com\/en\/product-cat\/clothing\/pareos\/\">sarongs<\/a> in attractively priced <a href=\"https:\/\/bohosoleil.com\/en\/product-cat\/bohosoleil-sets\/\">sets<\/a>.<\/p>\n","protected":false},"excerpt":{"rendered":"<p class=\"p1\">The Bahia trio of quilted cotton toiletry bags, handcrafted from an Indian block print fabric with exclusive patterns.<\/p>\n<p class=\"p1\">Three complementary sizes, each trio featuring a unique design, combining artisanal elegance with everyday practicality.<\/p>\n","protected":false},"featured_media":5470,"template":"","meta":{"_uag_custom_page_level_css":""},"product_brand":[],"product_cat":[93,95],"product_tag":[],"class_list":{"0":"post-6103","1":"product","2":"type-product","3":"status-publish","4":"has-post-thumbnail","6":"product_cat-accessories","7":"product_cat-toiletries-bags","8":"pa_motif-graphic","10":"first","11":"instock","12":"sold-individually","13":"shipping-taxable","14":"purchasable","15":"product-type-variable"},"yoast_head":"<!-- This site is optimized with the Yoast SEO plugin v27.4 - https:\/\/yoast.com\/product\/yoast-seo-wordpress\/ -->\n<title>Bahia toiletry bags -<\/title>\n<meta name=\"description\" content=\"Bahia toiletry bags, quilted in cotton, handmade in India from block print fabric. Three sizes, exclusive design per kit.\" \/>\n<meta name=\"robots\" content=\"index, follow, max-snippet:-1, max-image-preview:large, max-video-preview:-1\" \/>\n<link rel=\"canonical\" href=\"https:\/\/bohosoleil.com\/en\/shop\/bahia-toiletry-bags\/\" \/>\n<meta property=\"og:locale\" content=\"en_US\" \/>\n<meta property=\"og:type\" content=\"article\" \/>\n<meta property=\"og:title\" content=\"Bahia toiletry bags -\" \/>\n<meta property=\"og:description\" content=\"Bahia toiletry bags, quilted in cotton, handmade in India from block print fabric. Three sizes, exclusive design per kit.\" \/>\n<meta property=\"og:url\" content=\"https:\/\/bohosoleil.com\/en\/shop\/bahia-toiletry-bags\/\" \/>\n<meta property=\"og:image\" content=\"https:\/\/bohosoleil.com\/wp-content\/uploads\/2026\/03\/TroussesBahia1-1-683x1024.png\" \/>\n\t<meta property=\"og:image:width\" content=\"683\" \/>\n\t<meta property=\"og:image:height\" content=\"1024\" \/>\n\t<meta property=\"og:image:type\" content=\"image\/png\" \/>\n<meta name=\"twitter:card\" content=\"summary_large_image\" \/>\n<meta name=\"twitter:label1\" content=\"Est. reading time\" \/>\n\t<meta name=\"twitter:data1\" content=\"2 minutes\" \/>\n<script type=\"application\/ld+json\" class=\"yoast-schema-graph\">{\"@context\":\"https:\\\/\\\/schema.org\",\"@graph\":[{\"@type\":\"WebPage\",\"@id\":\"https:\\\/\\\/bohosoleil.com\\\/en\\\/shop\\\/bahia-toiletry-bags\\\/\",\"url\":\"https:\\\/\\\/bohosoleil.com\\\/en\\\/shop\\\/bahia-toiletry-bags\\\/\",\"name\":\"Bahia toiletry bags -\",\"isPartOf\":{\"@id\":\"https:\\\/\\\/bohosoleil.com\\\/en\\\/#website\"},\"primaryImageOfPage\":{\"@id\":\"https:\\\/\\\/bohosoleil.com\\\/en\\\/shop\\\/bahia-toiletry-bags\\\/#primaryimage\"},\"image\":{\"@id\":\"https:\\\/\\\/bohosoleil.com\\\/en\\\/shop\\\/bahia-toiletry-bags\\\/#primaryimage\"},\"thumbnailUrl\":\"https:\\\/\\\/bohosoleil.com\\\/wp-content\\\/uploads\\\/2026\\\/03\\\/TroussesBahia1-1.png\",\"datePublished\":\"2026-04-08T14:29:44+00:00\",\"description\":\"Bahia toiletry bags, quilted in cotton, handmade in India from block print fabric. Three sizes, exclusive design per kit.\",\"breadcrumb\":{\"@id\":\"https:\\\/\\\/bohosoleil.com\\\/en\\\/shop\\\/bahia-toiletry-bags\\\/#breadcrumb\"},\"inLanguage\":\"en-US\",\"potentialAction\":[{\"@type\":\"ReadAction\",\"target\":[\"https:\\\/\\\/bohosoleil.com\\\/en\\\/shop\\\/bahia-toiletry-bags\\\/\"]}]},{\"@type\":\"ImageObject\",\"inLanguage\":\"en-US\",\"@id\":\"https:\\\/\\\/bohosoleil.com\\\/en\\\/shop\\\/bahia-toiletry-bags\\\/#primaryimage\",\"url\":\"https:\\\/\\\/bohosoleil.com\\\/wp-content\\\/uploads\\\/2026\\\/03\\\/TroussesBahia1-1.png\",\"contentUrl\":\"https:\\\/\\\/bohosoleil.com\\\/wp-content\\\/uploads\\\/2026\\\/03\\\/TroussesBahia1-1.png\",\"width\":1024,\"height\":1536,\"caption\":\"Bahia toiletry bags by Bohosoleil\"},{\"@type\":\"BreadcrumbList\",\"@id\":\"https:\\\/\\\/bohosoleil.com\\\/en\\\/shop\\\/bahia-toiletry-bags\\\/#breadcrumb\",\"itemListElement\":[{\"@type\":\"ListItem\",\"position\":1,\"name\":\"Accueil\",\"item\":\"https:\\\/\\\/bohosoleil.com\\\/en\\\/\"},{\"@type\":\"ListItem\",\"position\":2,\"name\":\"Shop\",\"item\":\"https:\\\/\\\/bohosoleil.com\\\/shop\\\/\"},{\"@type\":\"ListItem\",\"position\":3,\"name\":\"Bahia toiletry bags\"}]},{\"@type\":\"WebSite\",\"@id\":\"https:\\\/\\\/bohosoleil.com\\\/en\\\/#website\",\"url\":\"https:\\\/\\\/bohosoleil.com\\\/en\\\/\",\"name\":\"bohosoleil.com\",\"description\":\"\",\"publisher\":{\"@id\":\"https:\\\/\\\/bohosoleil.com\\\/en\\\/#organization\"},\"potentialAction\":[{\"@type\":\"SearchAction\",\"target\":{\"@type\":\"EntryPoint\",\"urlTemplate\":\"https:\\\/\\\/bohosoleil.com\\\/en\\\/?s={search_term_string}\"},\"query-input\":{\"@type\":\"PropertyValueSpecification\",\"valueRequired\":true,\"valueName\":\"search_term_string\"}}],\"inLanguage\":\"en-US\"},{\"@type\":\"Organization\",\"@id\":\"https:\\\/\\\/bohosoleil.com\\\/en\\\/#organization\",\"name\":\"bohosoleil.com\",\"url\":\"https:\\\/\\\/bohosoleil.com\\\/en\\\/\",\"logo\":{\"@type\":\"ImageObject\",\"inLanguage\":\"en-US\",\"@id\":\"https:\\\/\\\/bohosoleil.com\\\/en\\\/#\\\/schema\\\/logo\\\/image\\\/\",\"url\":\"https:\\\/\\\/bohosoleil.com\\\/wp-content\\\/uploads\\\/2026\\\/02\\\/LogoBoho@2x.png\",\"contentUrl\":\"https:\\\/\\\/bohosoleil.com\\\/wp-content\\\/uploads\\\/2026\\\/02\\\/LogoBoho@2x.png\",\"width\":669,\"height\":292,\"caption\":\"bohosoleil.com\"},\"image\":{\"@id\":\"https:\\\/\\\/bohosoleil.com\\\/en\\\/#\\\/schema\\\/logo\\\/image\\\/\"}}]}<\/script>\n<!-- \/ Yoast SEO plugin. -->","yoast_head_json":{"title":"Bahia toiletry bags -","description":"Bahia toiletry bags, quilted in cotton, handmade in India from block print fabric. Three sizes, exclusive design per kit.","robots":{"index":"index","follow":"follow","max-snippet":"max-snippet:-1","max-image-preview":"max-image-preview:large","max-video-preview":"max-video-preview:-1"},"canonical":"https:\/\/bohosoleil.com\/en\/shop\/bahia-toiletry-bags\/","og_locale":"en_US","og_type":"article","og_title":"Bahia toiletry bags -","og_description":"Bahia toiletry bags, quilted in cotton, handmade in India from block print fabric. Three sizes, exclusive design per kit.","og_url":"https:\/\/bohosoleil.com\/en\/shop\/bahia-toiletry-bags\/","og_image":[{"width":683,"height":1024,"url":"https:\/\/bohosoleil.com\/wp-content\/uploads\/2026\/03\/TroussesBahia1-1-683x1024.png","type":"image\/png"}],"twitter_card":"summary_large_image","twitter_misc":{"Est. reading time":"2 minutes"},"schema":{"@context":"https:\/\/schema.org","@graph":[{"@type":"WebPage","@id":"https:\/\/bohosoleil.com\/en\/shop\/bahia-toiletry-bags\/","url":"https:\/\/bohosoleil.com\/en\/shop\/bahia-toiletry-bags\/","name":"Bahia toiletry bags -","isPartOf":{"@id":"https:\/\/bohosoleil.com\/en\/#website"},"primaryImageOfPage":{"@id":"https:\/\/bohosoleil.com\/en\/shop\/bahia-toiletry-bags\/#primaryimage"},"image":{"@id":"https:\/\/bohosoleil.com\/en\/shop\/bahia-toiletry-bags\/#primaryimage"},"thumbnailUrl":"https:\/\/bohosoleil.com\/wp-content\/uploads\/2026\/03\/TroussesBahia1-1.png","datePublished":"2026-04-08T14:29:44+00:00","description":"Bahia toiletry bags, quilted in cotton, handmade in India from block print fabric. Three sizes, exclusive design per kit.","breadcrumb":{"@id":"https:\/\/bohosoleil.com\/en\/shop\/bahia-toiletry-bags\/#breadcrumb"},"inLanguage":"en-US","potentialAction":[{"@type":"ReadAction","target":["https:\/\/bohosoleil.com\/en\/shop\/bahia-toiletry-bags\/"]}]},{"@type":"ImageObject","inLanguage":"en-US","@id":"https:\/\/bohosoleil.com\/en\/shop\/bahia-toiletry-bags\/#primaryimage","url":"https:\/\/bohosoleil.com\/wp-content\/uploads\/2026\/03\/TroussesBahia1-1.png","contentUrl":"https:\/\/bohosoleil.com\/wp-content\/uploads\/2026\/03\/TroussesBahia1-1.png","width":1024,"height":1536,"caption":"Bahia toiletry bags by Bohosoleil"},{"@type":"BreadcrumbList","@id":"https:\/\/bohosoleil.com\/en\/shop\/bahia-toiletry-bags\/#breadcrumb","itemListElement":[{"@type":"ListItem","position":1,"name":"Accueil","item":"https:\/\/bohosoleil.com\/en\/"},{"@type":"ListItem","position":2,"name":"Shop","item":"https:\/\/bohosoleil.com\/shop\/"},{"@type":"ListItem","position":3,"name":"Bahia toiletry bags"}]},{"@type":"WebSite","@id":"https:\/\/bohosoleil.com\/en\/#website","url":"https:\/\/bohosoleil.com\/en\/","name":"bohosoleil.com","description":"","publisher":{"@id":"https:\/\/bohosoleil.com\/en\/#organization"},"potentialAction":[{"@type":"SearchAction","target":{"@type":"EntryPoint","urlTemplate":"https:\/\/bohosoleil.com\/en\/?s={search_term_string}"},"query-input":{"@type":"PropertyValueSpecification","valueRequired":true,"valueName":"search_term_string"}}],"inLanguage":"en-US"},{"@type":"Organization","@id":"https:\/\/bohosoleil.com\/en\/#organization","name":"bohosoleil.com","url":"https:\/\/bohosoleil.com\/en\/","logo":{"@type":"ImageObject","inLanguage":"en-US","@id":"https:\/\/bohosoleil.com\/en\/#\/schema\/logo\/image\/","url":"https:\/\/bohosoleil.com\/wp-content\/uploads\/2026\/02\/LogoBoho@2x.png","contentUrl":"https:\/\/bohosoleil.com\/wp-content\/uploads\/2026\/02\/LogoBoho@2x.png","width":669,"height":292,"caption":"bohosoleil.com"},"image":{"@id":"https:\/\/bohosoleil.com\/en\/#\/schema\/logo\/image\/"}}]}},"uagb_featured_image_src":{"full":["https:\/\/bohosoleil.com\/wp-content\/uploads\/2026\/03\/TroussesBahia1-1.png",1024,1536,false],"thumbnail":["https:\/\/bohosoleil.com\/wp-content\/uploads\/2026\/03\/TroussesBahia1-1-150x150.png",150,150,true],"medium":["https:\/\/bohosoleil.com\/wp-content\/uploads\/2026\/03\/TroussesBahia1-1-200x300.png",200,300,true],"medium_large":["https:\/\/bohosoleil.com\/wp-content\/uploads\/2026\/03\/TroussesBahia1-1-768x1152.png",768,1152,true],"large":["https:\/\/bohosoleil.com\/wp-content\/uploads\/2026\/03\/TroussesBahia1-1-683x1024.png",683,1024,true],"1536x1536":["https:\/\/bohosoleil.com\/wp-content\/uploads\/2026\/03\/TroussesBahia1-1.png",1024,1536,false],"2048x2048":["https:\/\/bohosoleil.com\/wp-content\/uploads\/2026\/03\/TroussesBahia1-1.png",1024,1536,false],"botiga-extra-large":["https:\/\/bohosoleil.com\/wp-content\/uploads\/2026\/03\/TroussesBahia1-1.png",1024,1536,false],"botiga-large":["https:\/\/bohosoleil.com\/wp-content\/uploads\/2026\/03\/TroussesBahia1-1-920x1380.png",920,1380,true],"botiga-big":["https:\/\/bohosoleil.com\/wp-content\/uploads\/2026\/03\/TroussesBahia1-1-575x863.png",575,863,true],"botiga-medium":["https:\/\/bohosoleil.com\/wp-content\/uploads\/2026\/03\/TroussesBahia1-1-380x570.png",380,570,true],"botiga-header-icons":["https:\/\/bohosoleil.com\/wp-content\/uploads\/2026\/03\/TroussesBahia1-1.png",33,50,false],"woocommerce_thumbnail":["https:\/\/bohosoleil.com\/wp-content\/uploads\/2026\/03\/TroussesBahia1-1-420x420.png",420,420,true],"woocommerce_single":["https:\/\/bohosoleil.com\/wp-content\/uploads\/2026\/03\/TroussesBahia1-1-800x1200.png",800,1200,true],"woocommerce_gallery_thumbnail":["https:\/\/bohosoleil.com\/wp-content\/uploads\/2026\/03\/TroussesBahia1-1-100x100.png",100,100,true]},"uagb_author_info":{"display_name":"avelaine@live.fr","author_link":"https:\/\/bohosoleil.com\/en\/author\/"},"uagb_comment_info":0,"uagb_excerpt":"The Bahia trio of quilted cotton toiletry bags, handcrafted from an Indian block print fabric with exclusive patterns. Three complementary sizes, each trio featuring a unique design, combining artisanal elegance with everyday practicality.","_links":{"self":[{"href":"https:\/\/bohosoleil.com\/en\/wp-json\/wp\/v2\/product\/6103","targetHints":{"allow":["GET"]}}],"collection":[{"href":"https:\/\/bohosoleil.com\/en\/wp-json\/wp\/v2\/product"}],"about":[{"href":"https:\/\/bohosoleil.com\/en\/wp-json\/wp\/v2\/types\/product"}],"wp:featuredmedia":[{"embeddable":true,"href":"https:\/\/bohosoleil.com\/en\/wp-json\/wp\/v2\/media\/5470"}],"wp:attachment":[{"href":"https:\/\/bohosoleil.com\/en\/wp-json\/wp\/v2\/media?parent=6103"}],"wp:term":[{"taxonomy":"product_brand","embeddable":true,"href":"https:\/\/bohosoleil.com\/en\/wp-json\/wp\/v2\/product_brand?post=6103"},{"taxonomy":"product_cat","embeddable":true,"href":"https:\/\/bohosoleil.com\/en\/wp-json\/wp\/v2\/product_cat?post=6103"},{"taxonomy":"product_tag","embeddable":true,"href":"https:\/\/bohosoleil.com\/en\/wp-json\/wp\/v2\/product_tag?post=6103"}],"curies":[{"name":"wp","href":"https:\/\/api.w.org\/{rel}","templated":true}]}}