{"id":5828,"date":"2026-03-08T17:27:00","date_gmt":"2026-03-08T17:27:00","guid":{"rendered":"https:\/\/bohosoleil.com\/shop\/versailles-weekend-package\/"},"modified":"2026-03-08T17:27:00","modified_gmt":"2026-03-08T17:27:00","slug":"versailles-weekend-package","status":"publish","type":"product","link":"https:\/\/bohosoleil.com\/en\/shop\/versailles-weekend-package\/","title":{"rendered":"Versailles Weekend Package"},"content":{"rendered":"<p class=\"p1\">Designed to accompany you on your getaways, the Block Print Cotton Weekend Set brings together two travel essentials: a spacious <a href=\"https:\/\/bohosoleil.com\/en\/product-cat\/accessories\/tote-bags\/\">tote bag<\/a> and matching <a href=\"https:\/\/bohosoleil.com\/en\/product-cat\/accessories\/toiletries-bags\/\">toiletries bags<\/a>.<\/p>\n<p class=\"p2\"><b>A chic, practical handcrafted set, made for everyday life and travel<\/b><\/p>\n<p class=\"p1\">Combining the <b>quilted cotton tote<\/b> and the <b>set of three matching pouches<\/b>, this kit creates a harmonious, refined, and incredibly practical set. Handmade from <b>Indian block-print fabric<\/b>, both pieces celebrate an ancestral craft where each motif is applied by hand using <b>carved wooden blocks<\/b>. <\/p>\n<p class=\"p1\">Each set is unique: the subtle variations in the print are a testament to genuine craftsmanship, a far cry from mass-produced items. The quilted cotton, which is soft, sturdy and durable, lends the set a high-end look whilst ensuring comfort and longevity. <\/p>\n<h2 class=\"p2\">\ud83c\udf3a <b>A stylish, functional duo<\/b><\/h2>\n<h3 class=\"p2\">\ud83c\udf92 <b>The tote bag<\/b><\/h3>\n<p class=\"p1\">Spacious and lightweight, the tote is designed to fit every moment of life:<\/p>\n<ul class=\"ul1\">\n<li class=\"li1\">chic city bag<\/li>\n<li class=\"li1\">work bag (fits a laptop)<\/li>\n<li class=\"li1\">school bag<\/li>\n<li class=\"li1\">weekend or travel bag<\/li>\n<li class=\"li1\">stylish beach tote<\/li>\n<\/ul>\n<p class=\"p1\">With its generous size <b>45 \u00d7 45 \u00d7 13 cm<\/b> and <b>comfortable handles<\/b>, it makes it easy to carry all your essentials.<\/p>\n<h3 class=\"p2\"><b>\ud83e\uddf3 The matching trio of pouches<\/b><\/h3>\n<p class=\"p1\">The set also includes three padded toiletries bags, lined with waterproof nylon and available in three complementary sizes for intuitive organisation:<\/p>\n<ul class=\"ul1\">\n<li class=\"li1\"><b>Large pouch (26 \u00d7 16 \u00d7 14 cm)<\/b>: beauty products, skincare, accessories<\/li>\n<li class=\"li1\"><b>Medium pouch (20 \u00d7 13 \u00d7 13 cm)<\/b>: makeup, small essentials<\/li>\n<li class=\"li1\"><b>Small pouch (19 \u00d7 9 \u00d7 12 cm)<\/b>: jewelry, mini items, everyday must-haves<\/li>\n<\/ul>\n<p class=\"p2\"><b>\ud83d\udccb Features<\/b><\/p>\n<h3 class=\"p2\"><b>\ud83d\udc5c Tote<\/b><\/h3>\n<ul class=\"ul1\">\n<li class=\"li1\"><b>Material<\/b>: 100% cotton<\/li>\n<li class=\"li1\"><b>Dimensions<\/b>: 45 \u00d7 45 \u00d7 13 cm<\/li>\n<li class=\"li1\"><b>Technique<\/b>: handcrafted block-print<\/li>\n<li class=\"li1\"><b>Finish<\/b>: quilted<\/li>\n<li class=\"li1\"><b>Made in India<\/b>: Handmade<\/li>\n<li class=\"li1\"><b>Handles:<\/b> sturdy and comfortable<\/li>\n<li class=\"li1\"><b>Pattern:<\/b> original and exclusive depending on the model<\/li>\n<\/ul>\n<h3 class=\"p2\"><b>\ud83e\uddf5 Trio of pouches<\/b><\/h3>\n<ul class=\"ul1\">\n<li class=\"li1\"><b>Outer material:<\/b> 100% cotton<\/li>\n<li class=\"li1\"><b>Inner lining:<\/b> 100% waterproof nylon<\/li>\n<li class=\"li1\"><b>Technique<\/b>: artisanal block print<\/li>\n<li class=\"li1\"><b>Finish<\/b>: quilted<\/li>\n<li class=\"li1\"><b>Closure:<\/b> sturdy zip<\/li>\n<li class=\"li1\"><b>Made in India<\/b>: Handmade<\/li>\n<li class=\"li1\"><b>Contents:<\/b> 3 pouches (small, medium, large)<\/li>\n<li class=\"li1\"><b>Pattern:<\/b> exclusive to each trio<\/li>\n<\/ul>\n<h2 class=\"p2\"><b>\ud83c\udf81 The perfect gift<\/b><\/h2>\n<p class=\"p1\">The Block Print Weekend Set also makes for an original gift idea, perfect for giving someone an elegant set that\u2019s useful for everyday use. This tote bag and pouch set is an ideal gift for a trip, a birthday, Mother\u2019s Day, or simply as a stylish and practical treat for yourself or someone else. In short, it\u2019s a duo that combines style, practicality and tradition.  <\/p>\n<h2 class=\"p2\">\ud83c\udf3f A <b>responsible<\/b>, long-lasting choice<\/h2>\n<p class=\"p1\">By choosing this handcrafted set, you are supporting:<\/p>\n<ul class=\"ul1\">\n<li class=\"li1\">the preservation of an ancestral Indian craft<\/li>\n<li class=\"li1\"><b>small-batch<\/b> production<b><\/b><\/li>\n<li class=\"li1\">the work of local artisans<\/li>\n<li class=\"li1\">an alternative to industrial products<\/li>\n<\/ul>\n<p class=\"p1\">To view our collection of <a href=\"https:\/\/bohosoleil.com\/en\/product-cat\/bohosoleil-sets\/\">Bohosoleil<\/a> sets, <a href=\"https:\/\/bohosoleil.com\/en\/product-cat\/bohosoleil-sets\/\">click here.<\/a><\/p>\n","protected":false},"excerpt":{"rendered":"<p class=\"p1\">The Versailles weekend kit in block-print cotton combines a spacious quilted tote bag and matching toiletry bags, handcrafted in India from artisanally printed cotton. An elegant and practical set for organizing your getaways. <\/p>\n","protected":false},"featured_media":5094,"template":"","meta":{"_uag_custom_page_level_css":""},"product_brand":[],"product_cat":[88,98],"product_tag":[],"class_list":{"0":"post-5828","1":"product","2":"type-product","3":"status-publish","4":"has-post-thumbnail","6":"product_cat-bohosoleil-sets","7":"product_cat-weekend-sets","8":"pa_motif-flowers","9":"pa_motif-graphic","11":"first","12":"instock","13":"sold-individually","14":"shipping-taxable","15":"purchasable","16":"product-type-simple"},"yoast_head":"<!-- This site is optimized with the Yoast SEO plugin v27.3 - https:\/\/yoast.com\/product\/yoast-seo-wordpress\/ -->\n<title>Versailles Weekend Package -<\/title>\n<meta name=\"description\" content=\"Kit week-end Versailles en coton block print fait main : sac cabas matelass\u00e9 et trousses assorties. Ensemble artisanal \u00e9l\u00e9gant pour voyager.\" \/>\n<meta name=\"robots\" content=\"index, follow, max-snippet:-1, max-image-preview:large, max-video-preview:-1\" \/>\n<link rel=\"canonical\" href=\"https:\/\/bohosoleil.com\/en\/shop\/versailles-weekend-package\/\" \/>\n<meta property=\"og:locale\" content=\"en_US\" \/>\n<meta property=\"og:type\" content=\"article\" \/>\n<meta property=\"og:title\" content=\"Versailles Weekend Package -\" \/>\n<meta property=\"og:description\" content=\"Kit week-end Versailles en coton block print fait main : sac cabas matelass\u00e9 et trousses assorties. Ensemble artisanal \u00e9l\u00e9gant pour voyager.\" \/>\n<meta property=\"og:url\" content=\"https:\/\/bohosoleil.com\/en\/shop\/versailles-weekend-package\/\" \/>\n<meta property=\"og:image\" content=\"https:\/\/bohosoleil.com\/wp-content\/uploads\/2026\/03\/kit-weekend-versailles-1.png\" \/>\n\t<meta property=\"og:image:width\" content=\"1103\" \/>\n\t<meta property=\"og:image:height\" content=\"1341\" \/>\n\t<meta property=\"og:image:type\" content=\"image\/png\" \/>\n<meta name=\"twitter:card\" content=\"summary_large_image\" \/>\n<meta name=\"twitter:label1\" content=\"Est. reading time\" \/>\n\t<meta name=\"twitter:data1\" content=\"2 minutes\" \/>\n<script type=\"application\/ld+json\" class=\"yoast-schema-graph\">{\"@context\":\"https:\\\/\\\/schema.org\",\"@graph\":[{\"@type\":\"WebPage\",\"@id\":\"https:\\\/\\\/bohosoleil.com\\\/en\\\/shop\\\/versailles-weekend-package\\\/\",\"url\":\"https:\\\/\\\/bohosoleil.com\\\/en\\\/shop\\\/versailles-weekend-package\\\/\",\"name\":\"Versailles Weekend Package -\",\"isPartOf\":{\"@id\":\"https:\\\/\\\/bohosoleil.com\\\/en\\\/#website\"},\"primaryImageOfPage\":{\"@id\":\"https:\\\/\\\/bohosoleil.com\\\/en\\\/shop\\\/versailles-weekend-package\\\/#primaryimage\"},\"image\":{\"@id\":\"https:\\\/\\\/bohosoleil.com\\\/en\\\/shop\\\/versailles-weekend-package\\\/#primaryimage\"},\"thumbnailUrl\":\"https:\\\/\\\/bohosoleil.com\\\/wp-content\\\/uploads\\\/2026\\\/03\\\/kit-weekend-versailles-1.png\",\"datePublished\":\"2026-03-08T17:27:00+00:00\",\"description\":\"Kit week-end Versailles en coton block print fait main : sac cabas matelass\u00e9 et trousses assorties. Ensemble artisanal \u00e9l\u00e9gant pour voyager.\",\"breadcrumb\":{\"@id\":\"https:\\\/\\\/bohosoleil.com\\\/en\\\/shop\\\/versailles-weekend-package\\\/#breadcrumb\"},\"inLanguage\":\"en-US\",\"potentialAction\":[{\"@type\":\"ReadAction\",\"target\":[\"https:\\\/\\\/bohosoleil.com\\\/en\\\/shop\\\/versailles-weekend-package\\\/\"]}]},{\"@type\":\"ImageObject\",\"inLanguage\":\"en-US\",\"@id\":\"https:\\\/\\\/bohosoleil.com\\\/en\\\/shop\\\/versailles-weekend-package\\\/#primaryimage\",\"url\":\"https:\\\/\\\/bohosoleil.com\\\/wp-content\\\/uploads\\\/2026\\\/03\\\/kit-weekend-versailles-1.png\",\"contentUrl\":\"https:\\\/\\\/bohosoleil.com\\\/wp-content\\\/uploads\\\/2026\\\/03\\\/kit-weekend-versailles-1.png\",\"width\":1103,\"height\":1341,\"caption\":\"kit weekend versailles\"},{\"@type\":\"BreadcrumbList\",\"@id\":\"https:\\\/\\\/bohosoleil.com\\\/en\\\/shop\\\/versailles-weekend-package\\\/#breadcrumb\",\"itemListElement\":[{\"@type\":\"ListItem\",\"position\":1,\"name\":\"Accueil\",\"item\":\"https:\\\/\\\/bohosoleil.com\\\/en\\\/\"},{\"@type\":\"ListItem\",\"position\":2,\"name\":\"Shop\",\"item\":\"https:\\\/\\\/bohosoleil.com\\\/shop\\\/\"},{\"@type\":\"ListItem\",\"position\":3,\"name\":\"Versailles Weekend Package\"}]},{\"@type\":\"WebSite\",\"@id\":\"https:\\\/\\\/bohosoleil.com\\\/en\\\/#website\",\"url\":\"https:\\\/\\\/bohosoleil.com\\\/en\\\/\",\"name\":\"bohosoleil.com\",\"description\":\"\",\"publisher\":{\"@id\":\"https:\\\/\\\/bohosoleil.com\\\/en\\\/#organization\"},\"potentialAction\":[{\"@type\":\"SearchAction\",\"target\":{\"@type\":\"EntryPoint\",\"urlTemplate\":\"https:\\\/\\\/bohosoleil.com\\\/en\\\/?s={search_term_string}\"},\"query-input\":{\"@type\":\"PropertyValueSpecification\",\"valueRequired\":true,\"valueName\":\"search_term_string\"}}],\"inLanguage\":\"en-US\"},{\"@type\":\"Organization\",\"@id\":\"https:\\\/\\\/bohosoleil.com\\\/en\\\/#organization\",\"name\":\"bohosoleil.com\",\"url\":\"https:\\\/\\\/bohosoleil.com\\\/en\\\/\",\"logo\":{\"@type\":\"ImageObject\",\"inLanguage\":\"en-US\",\"@id\":\"https:\\\/\\\/bohosoleil.com\\\/en\\\/#\\\/schema\\\/logo\\\/image\\\/\",\"url\":\"https:\\\/\\\/bohosoleil.com\\\/wp-content\\\/uploads\\\/2026\\\/02\\\/LogoBoho@2x.png\",\"contentUrl\":\"https:\\\/\\\/bohosoleil.com\\\/wp-content\\\/uploads\\\/2026\\\/02\\\/LogoBoho@2x.png\",\"width\":669,\"height\":292,\"caption\":\"bohosoleil.com\"},\"image\":{\"@id\":\"https:\\\/\\\/bohosoleil.com\\\/en\\\/#\\\/schema\\\/logo\\\/image\\\/\"}}]}<\/script>\n<!-- \/ Yoast SEO plugin. -->","yoast_head_json":{"title":"Versailles Weekend Package -","description":"Kit week-end Versailles en coton block print fait main : sac cabas matelass\u00e9 et trousses assorties. Ensemble artisanal \u00e9l\u00e9gant pour voyager.","robots":{"index":"index","follow":"follow","max-snippet":"max-snippet:-1","max-image-preview":"max-image-preview:large","max-video-preview":"max-video-preview:-1"},"canonical":"https:\/\/bohosoleil.com\/en\/shop\/versailles-weekend-package\/","og_locale":"en_US","og_type":"article","og_title":"Versailles Weekend Package -","og_description":"Kit week-end Versailles en coton block print fait main : sac cabas matelass\u00e9 et trousses assorties. Ensemble artisanal \u00e9l\u00e9gant pour voyager.","og_url":"https:\/\/bohosoleil.com\/en\/shop\/versailles-weekend-package\/","og_image":[{"width":1103,"height":1341,"url":"https:\/\/bohosoleil.com\/wp-content\/uploads\/2026\/03\/kit-weekend-versailles-1.png","type":"image\/png"}],"twitter_card":"summary_large_image","twitter_misc":{"Est. reading time":"2 minutes"},"schema":{"@context":"https:\/\/schema.org","@graph":[{"@type":"WebPage","@id":"https:\/\/bohosoleil.com\/en\/shop\/versailles-weekend-package\/","url":"https:\/\/bohosoleil.com\/en\/shop\/versailles-weekend-package\/","name":"Versailles Weekend Package -","isPartOf":{"@id":"https:\/\/bohosoleil.com\/en\/#website"},"primaryImageOfPage":{"@id":"https:\/\/bohosoleil.com\/en\/shop\/versailles-weekend-package\/#primaryimage"},"image":{"@id":"https:\/\/bohosoleil.com\/en\/shop\/versailles-weekend-package\/#primaryimage"},"thumbnailUrl":"https:\/\/bohosoleil.com\/wp-content\/uploads\/2026\/03\/kit-weekend-versailles-1.png","datePublished":"2026-03-08T17:27:00+00:00","description":"Kit week-end Versailles en coton block print fait main : sac cabas matelass\u00e9 et trousses assorties. Ensemble artisanal \u00e9l\u00e9gant pour voyager.","breadcrumb":{"@id":"https:\/\/bohosoleil.com\/en\/shop\/versailles-weekend-package\/#breadcrumb"},"inLanguage":"en-US","potentialAction":[{"@type":"ReadAction","target":["https:\/\/bohosoleil.com\/en\/shop\/versailles-weekend-package\/"]}]},{"@type":"ImageObject","inLanguage":"en-US","@id":"https:\/\/bohosoleil.com\/en\/shop\/versailles-weekend-package\/#primaryimage","url":"https:\/\/bohosoleil.com\/wp-content\/uploads\/2026\/03\/kit-weekend-versailles-1.png","contentUrl":"https:\/\/bohosoleil.com\/wp-content\/uploads\/2026\/03\/kit-weekend-versailles-1.png","width":1103,"height":1341,"caption":"kit weekend versailles"},{"@type":"BreadcrumbList","@id":"https:\/\/bohosoleil.com\/en\/shop\/versailles-weekend-package\/#breadcrumb","itemListElement":[{"@type":"ListItem","position":1,"name":"Accueil","item":"https:\/\/bohosoleil.com\/en\/"},{"@type":"ListItem","position":2,"name":"Shop","item":"https:\/\/bohosoleil.com\/shop\/"},{"@type":"ListItem","position":3,"name":"Versailles Weekend Package"}]},{"@type":"WebSite","@id":"https:\/\/bohosoleil.com\/en\/#website","url":"https:\/\/bohosoleil.com\/en\/","name":"bohosoleil.com","description":"","publisher":{"@id":"https:\/\/bohosoleil.com\/en\/#organization"},"potentialAction":[{"@type":"SearchAction","target":{"@type":"EntryPoint","urlTemplate":"https:\/\/bohosoleil.com\/en\/?s={search_term_string}"},"query-input":{"@type":"PropertyValueSpecification","valueRequired":true,"valueName":"search_term_string"}}],"inLanguage":"en-US"},{"@type":"Organization","@id":"https:\/\/bohosoleil.com\/en\/#organization","name":"bohosoleil.com","url":"https:\/\/bohosoleil.com\/en\/","logo":{"@type":"ImageObject","inLanguage":"en-US","@id":"https:\/\/bohosoleil.com\/en\/#\/schema\/logo\/image\/","url":"https:\/\/bohosoleil.com\/wp-content\/uploads\/2026\/02\/LogoBoho@2x.png","contentUrl":"https:\/\/bohosoleil.com\/wp-content\/uploads\/2026\/02\/LogoBoho@2x.png","width":669,"height":292,"caption":"bohosoleil.com"},"image":{"@id":"https:\/\/bohosoleil.com\/en\/#\/schema\/logo\/image\/"}}]}},"uagb_featured_image_src":{"full":["https:\/\/bohosoleil.com\/wp-content\/uploads\/2026\/03\/kit-weekend-versailles-1.png",1103,1341,false],"thumbnail":["https:\/\/bohosoleil.com\/wp-content\/uploads\/2026\/03\/kit-weekend-versailles-1-150x150.png",150,150,true],"medium":["https:\/\/bohosoleil.com\/wp-content\/uploads\/2026\/03\/kit-weekend-versailles-1-247x300.png",247,300,true],"medium_large":["https:\/\/bohosoleil.com\/wp-content\/uploads\/2026\/03\/kit-weekend-versailles-1-768x934.png",768,934,true],"large":["https:\/\/bohosoleil.com\/wp-content\/uploads\/2026\/03\/kit-weekend-versailles-1-842x1024.png",842,1024,true],"1536x1536":["https:\/\/bohosoleil.com\/wp-content\/uploads\/2026\/03\/kit-weekend-versailles-1.png",1103,1341,false],"2048x2048":["https:\/\/bohosoleil.com\/wp-content\/uploads\/2026\/03\/kit-weekend-versailles-1.png",1103,1341,false],"botiga-extra-large":["https:\/\/bohosoleil.com\/wp-content\/uploads\/2026\/03\/kit-weekend-versailles-1.png",1103,1341,false],"botiga-large":["https:\/\/bohosoleil.com\/wp-content\/uploads\/2026\/03\/kit-weekend-versailles-1-920x1119.png",920,1119,true],"botiga-big":["https:\/\/bohosoleil.com\/wp-content\/uploads\/2026\/03\/kit-weekend-versailles-1-575x699.png",575,699,true],"botiga-medium":["https:\/\/bohosoleil.com\/wp-content\/uploads\/2026\/03\/kit-weekend-versailles-1-380x462.png",380,462,true],"botiga-header-icons":["https:\/\/bohosoleil.com\/wp-content\/uploads\/2026\/03\/kit-weekend-versailles-1-50x50.png",50,50,true],"woocommerce_thumbnail":["https:\/\/bohosoleil.com\/wp-content\/uploads\/2026\/03\/kit-weekend-versailles-1-420x420.png",420,420,true],"woocommerce_single":["https:\/\/bohosoleil.com\/wp-content\/uploads\/2026\/03\/kit-weekend-versailles-1-800x973.png",800,973,true],"woocommerce_gallery_thumbnail":["https:\/\/bohosoleil.com\/wp-content\/uploads\/2026\/03\/kit-weekend-versailles-1-100x100.png",100,100,true]},"uagb_author_info":{"display_name":"avelaine@live.fr","author_link":"https:\/\/bohosoleil.com\/en\/author\/"},"uagb_comment_info":0,"uagb_excerpt":"The Versailles weekend kit in block-print cotton combines a spacious quilted tote bag and matching toiletry bags, handcrafted in India from artisanally printed cotton. An elegant and practical set for organizing your getaways.","_links":{"self":[{"href":"https:\/\/bohosoleil.com\/en\/wp-json\/wp\/v2\/product\/5828","targetHints":{"allow":["GET"]}}],"collection":[{"href":"https:\/\/bohosoleil.com\/en\/wp-json\/wp\/v2\/product"}],"about":[{"href":"https:\/\/bohosoleil.com\/en\/wp-json\/wp\/v2\/types\/product"}],"wp:featuredmedia":[{"embeddable":true,"href":"https:\/\/bohosoleil.com\/en\/wp-json\/wp\/v2\/media\/5094"}],"wp:attachment":[{"href":"https:\/\/bohosoleil.com\/en\/wp-json\/wp\/v2\/media?parent=5828"}],"wp:term":[{"taxonomy":"product_brand","embeddable":true,"href":"https:\/\/bohosoleil.com\/en\/wp-json\/wp\/v2\/product_brand?post=5828"},{"taxonomy":"product_cat","embeddable":true,"href":"https:\/\/bohosoleil.com\/en\/wp-json\/wp\/v2\/product_cat?post=5828"},{"taxonomy":"product_tag","embeddable":true,"href":"https:\/\/bohosoleil.com\/en\/wp-json\/wp\/v2\/product_tag?post=5828"}],"curies":[{"name":"wp","href":"https:\/\/api.w.org\/{rel}","templated":true}]}}